{"id":153,"date":"2012-10-18T11:59:06","date_gmt":"2012-10-18T11:59:06","guid":{"rendered":"http:\/\/elfi-analytik.de\/de\/?page_id=153"},"modified":"2012-11-07T08:06:58","modified_gmt":"2012-11-07T08:06:58","slug":"auftragssynthesen","status":"publish","type":"page","link":"https:\/\/elfi-analytik.de\/de\/auftragssynthesen\/","title":{"rendered":"Auftragssynthesen"},"content":{"rendered":"<p style=\"text-align: left;\"><span style=\"font-size: 16px; font-family: arial,helvetica,sans-serif;\">Sie ben\u00f6tigen einen Standard und finden keinen Anbieter?<\/span><\/p>\n<p style=\"text-align: left;\"><span style=\"font-family: arial,helvetica,sans-serif; font-size: 16px;\">Kontaktieren Sie uns. Anhand Ihrer Anforderungen pr\u00fcfen wir zeitnah die Machbarkeit und unterbreiten Ihnen ein faires Angebot!<\/span><\/p>\n<p style=\"text-align: left;\"><span style=\"font-family: arial,helvetica,sans-serif; font-size: 16px;\">Viele der bereits verf\u00fcgbaren <a href=\"http:\/\/elfi-analytik.de\/de\/standards\/\">Referenzverbindungen<\/a> sind aus Auftragssynthesen hervorgegangen.<\/span><\/p>\n","protected":false},"excerpt":{"rendered":"<p>Sie ben\u00f6tigen einen Standard und finden keinen Anbieter? Kontaktieren Sie uns. Anhand Ihrer Anforderungen pr\u00fcfen wir zeitnah die Machbarkeit und unterbreiten Ihnen ein faires Angebot! Viele der bereits verf\u00fcgbaren Referenzverbindungen sind aus Auftragssynthesen hervorgegangen.<\/p>\n","protected":false},"author":1,"featured_media":0,"parent":0,"menu_order":0,"comment_status":"open","ping_status":"closed","template":"","meta":{"footnotes":""},"class_list":["post-153","page","type-page","status-publish","hentry"],"_links":{"self":[{"href":"https:\/\/elfi-analytik.de\/de\/wp-json\/wp\/v2\/pages\/153","targetHints":{"allow":["GET"]}}],"collection":[{"href":"https:\/\/elfi-analytik.de\/de\/wp-json\/wp\/v2\/pages"}],"about":[{"href":"https:\/\/elfi-analytik.de\/de\/wp-json\/wp\/v2\/types\/page"}],"author":[{"embeddable":true,"href":"https:\/\/elfi-analytik.de\/de\/wp-json\/wp\/v2\/users\/1"}],"replies":[{"embeddable":true,"href":"https:\/\/elfi-analytik.de\/de\/wp-json\/wp\/v2\/comments?post=153"}],"version-history":[{"count":8,"href":"https:\/\/elfi-analytik.de\/de\/wp-json\/wp\/v2\/pages\/153\/revisions"}],"predecessor-version":[{"id":155,"href":"https:\/\/elfi-analytik.de\/de\/wp-json\/wp\/v2\/pages\/153\/revisions\/155"}],"wp:attachment":[{"href":"https:\/\/elfi-analytik.de\/de\/wp-json\/wp\/v2\/media?parent=153"}],"curies":[{"name":"wp","href":"https:\/\/api.w.org\/{rel}","templated":true}]}}