{"id":240,"date":"2012-12-18T07:22:03","date_gmt":"2012-12-18T07:22:03","guid":{"rendered":"http:\/\/elfi-analytik.de\/de\/?page_id=240"},"modified":"2017-05-24T08:51:06","modified_gmt":"2017-05-24T08:51:06","slug":"referenzen","status":"publish","type":"page","link":"https:\/\/elfi-analytik.de\/de\/referenzen\/","title":{"rendered":"Referenzen"},"content":{"rendered":"<p><span style=\"font-family: arial,helvetica,sans-serif;\">Zu unseren zufriedenen Kunden z\u00e4hlen u.a.:<\/span><br \/>\n&nbsp;<\/p>\n<div style=\"width: 100%; float: left;\"><span style=\"font-family: arial,helvetica,sans-serif;\"><a href=\"http:\/\/elfi-analytik.de\/en\/files\/2017\/05\/GFS-mit-Claim.jpg\"><img loading=\"lazy\" decoding=\"async\" class=\"alignleft  wp-image-315\" src=\"http:\/\/elfi-analytik.de\/en\/files\/2017\/05\/GFS-mit-Claim-300x134.jpg\" alt=\"\" width=\"244\" height=\"109\" \/><\/a>GFS &#8211; Genossenschaft zur F\u00f6rderung der Schweinehaltung eG<\/span><\/div>\n<p>&nbsp;<\/p>\n<div style=\"width: 100%; float: left;\"><span style=\"font-family: arial,helvetica,sans-serif;\"><a href=\"http:\/\/elfi-analytik.de\/en\/files\/2017\/05\/nordrhein-westfalen-data.jpg\"><img loading=\"lazy\" decoding=\"async\" class=\"alignleft  wp-image-318\" src=\"http:\/\/elfi-analytik.de\/en\/files\/2017\/05\/nordrhein-westfalen-data-300x45.jpg\" alt=\"\" width=\"360\" height=\"54\" \/><\/a>Landwirtschaftskammer Nordrhein-Westfalen<\/span><\/div>\n<p>&nbsp;<\/p>\n<div style=\"width: 100%; float: left;\"><span style=\"font-family: arial,helvetica,sans-serif;\"><a href=\"http:\/\/elfi-analytik.de\/en\/files\/2017\/05\/log_manten.png\"><img loading=\"lazy\" decoding=\"async\" class=\"alignleft  wp-image-317\" src=\"http:\/\/elfi-analytik.de\/en\/files\/2017\/05\/log_manten-300x83.png\" alt=\"\" width=\"325\" height=\"90\" \/><\/a>Heinrich Manten Qualit\u00e4tsfleisch vom Niederrhein GmbH &#038; Co. KG<\/span><\/div>\n<p>&nbsp;<\/p>\n<div style=\"width: 100%; float: left;\"><span style=\"font-family: arial,helvetica,sans-serif;\"><a href=\"http:\/\/elfi-analytik.de\/en\/files\/2017\/05\/isi-logo.png\"><img loading=\"lazy\" decoding=\"async\" class=\"alignleft  wp-image-316\" src=\"http:\/\/elfi-analytik.de\/en\/files\/2017\/05\/isi-logo-300x210.png\" alt=\"\" width=\"207\" height=\"145\" \/><\/a>Institut f\u00fcr Sensorikforschung und Innovationsberatung GmbH<\/span><\/div>\n<p>&nbsp;<\/p>\n<div style=\"width: 100%; float: left;\"><span style=\"font-family: arial,helvetica,sans-serif;\"><a href=\"http:\/\/www.lsz-bw.de\" target=\"_blank\"><img loading=\"lazy\" decoding=\"async\" class=\"alignleft wp-image-282\" title=\"LSZ\" src=\"http:\/\/elfi-analytik.de\/de\/files\/2013\/02\/LSZ-LOGO-Boxberg.jpg\" alt=\"\" width=\"167\" height=\"105\" srcset=\"https:\/\/elfi-analytik.de\/de\/files\/2013\/02\/LSZ-LOGO-Boxberg.jpg 557w, https:\/\/elfi-analytik.de\/de\/files\/2013\/02\/LSZ-LOGO-Boxberg-300x188.jpg 300w\" sizes=\"auto, (max-width: 167px) 100vw, 167px\" \/><\/a>Landesanstalt f\u00fcr Schweinezucht (Bildungs- und Wissenszentrum Boxberg)<\/span><\/div>\n<p>&nbsp;<\/p>\n<div style=\"width: 100%; float: left;\"><span style=\"font-family: arial,helvetica,sans-serif;\"><a href=\"http:\/\/elfi-analytik.de\/en\/files\/2012\/12\/g\u00f6ttingen.png\"><img loading=\"lazy\" decoding=\"async\" class=\"alignleft size-medium wp-image-319\" src=\"http:\/\/elfi-analytik.de\/en\/files\/2012\/12\/g\u00f6ttingen-300x56.png\" alt=\"\" width=\"300\" height=\"56\" \/><\/a>Universit\u00e4t G\u00f6ttingen, Fakult\u00e4t f\u00fcr Agrarwissenschaften<\/span><\/div>\n<p>&nbsp;<\/p>\n<div style=\"width: 100%; float: left;\"><span style=\"font-family: arial,helvetica,sans-serif;\"><a href=\"http:\/\/elfi-analytik.de\/de\/files\/2012\/12\/ilt-nrw.jpg\"><img loading=\"lazy\" decoding=\"async\" class=\"alignleft  wp-image-318\" title=\"ilt-nrw\" src=\"http:\/\/elfi-analytik.de\/de\/files\/2012\/12\/ilt-nrw-300x169.jpg\" alt=\"\" width=\"245\" height=\"139\" srcset=\"https:\/\/elfi-analytik.de\/de\/files\/2012\/12\/ilt-nrw-300x169.jpg 300w, https:\/\/elfi-analytik.de\/de\/files\/2012\/12\/ilt-nrw.jpg 387w\" sizes=\"auto, (max-width: 245px) 100vw, 245px\" \/><\/a>Hochschule Ostwestfalen-Lippe, Institut f\u00fcr Lebensmitteltechnologie<\/span><\/div>\n<p>&nbsp;<\/p>\n<div style=\"width: 100%; float: left;\"><span style=\"font-family: arial,helvetica,sans-serif;\"><a href=\"http:\/\/www.pic.com\" target=\"_blank&quot;\"><img loading=\"lazy\" decoding=\"async\" class=\"alignleft size-full wp-image-243\" title=\"PIC Logo\" src=\"http:\/\/elfi-analytik.de\/de\/files\/2012\/12\/pic.gif\" alt=\"\" width=\"71\" height=\"101\" \/><\/a>PIC Deutschland GmbH<\/span><\/div>\n<p>&nbsp;<\/p>\n<div style=\"width: 100%; float: left;\"><span style=\"font-family: arial,helvetica,sans-serif;\"><a href=\"http:\/\/elfi-analytik.de\/en\/files\/2012\/12\/VMF_Logo.jpg\"><img loading=\"lazy\" decoding=\"async\" class=\"alignleft  wp-image-321\" src=\"http:\/\/elfi-analytik.de\/en\/files\/2012\/12\/VMF_Logo-300x186.jpg\" alt=\"VMF_Logo\" width=\"226\" height=\"131\" \/><\/a>Universit\u00e4t Leipzig, Veterin\u00e4rmedizinische Fakult\u00e4t<\/span><\/div>\n<p>&nbsp;<\/p>\n<div style=\"width: 100%; float: left;\"><span style=\"font-family: arial,helvetica,sans-serif;\"><a href=\"http:\/\/elfi-analytik.de\/en\/files\/2012\/12\/lci_koeln.png\"><img loading=\"lazy\" decoding=\"async\" class=\"alignleft  wp-image-322\" src=\"http:\/\/elfi-analytik.de\/en\/files\/2012\/12\/lci_koeln.png\" alt=\"lci_koeln\" width=\"203\" height=\"138\" \/><\/a>Lebensmittelchemisches Institut (LCI K\u00f6ln) des Bundesverbandes der Deutschen S\u00fc\u00dfwarenindustrie e.V.<\/span><\/div>\n<p>&nbsp;<\/p>\n<div style=\"width: 100%; float: left;\"><span style=\"font-family: arial,helvetica,sans-serif;\"><a href=\"http:\/\/www.lwf.uni-bonn.de\" target=\"_blank\"><img loading=\"lazy\" decoding=\"async\" class=\"alignleft size-full wp-image-249\" title=\"lwf\" src=\"http:\/\/elfi-analytik.de\/de\/files\/2012\/12\/lwf.gif\" alt=\"\" width=\"76\" height=\"76\" \/><\/a>Universit\u00e4t Bonn, Landwirtschaftliche Fakult\u00e4t<\/span><\/div>\n<p>&nbsp;<\/p>\n<div style=\"width: 100%; float: left;\"><span style=\"font-family: arial,helvetica,sans-serif;\"><a href=\"http:\/\/www.thueringen.de\/de\/tll\" target=\"_blank\"><img loading=\"lazy\" decoding=\"async\" class=\"alignleft size-full wp-image-277\" title=\"TLL\" src=\"http:\/\/elfi-analytik.de\/de\/files\/2013\/02\/TLL.png\" alt=\"\" width=\"100\" height=\"100\" \/><\/a>Th\u00fcringer Landesanstalt f\u00fcr Landwirtschaft<\/span><\/div>\n<p>&nbsp;<\/p>\n","protected":false},"excerpt":{"rendered":"<p>Zu unseren zufriedenen Kunden z\u00e4hlen u.a.: &nbsp; GFS &#8211; Genossenschaft zur F\u00f6rderung der Schweinehaltung eG &nbsp; Landwirtschaftskammer Nordrhein-Westfalen &nbsp; Heinrich Manten Qualit\u00e4tsfleisch vom Niederrhein GmbH &#038; Co. KG &nbsp; Institut f\u00fcr Sensorikforschung und Innovationsberatung GmbH &nbsp; Landesanstalt f\u00fcr Schweinezucht (Bildungs- &hellip; <a href=\"https:\/\/elfi-analytik.de\/de\/referenzen\/\">Continue reading <span class=\"meta-nav\">&rarr;<\/span><\/a><\/p>\n","protected":false},"author":1,"featured_media":0,"parent":0,"menu_order":0,"comment_status":"closed","ping_status":"closed","template":"","meta":{"footnotes":""},"class_list":["post-240","page","type-page","status-publish","hentry"],"_links":{"self":[{"href":"https:\/\/elfi-analytik.de\/de\/wp-json\/wp\/v2\/pages\/240","targetHints":{"allow":["GET"]}}],"collection":[{"href":"https:\/\/elfi-analytik.de\/de\/wp-json\/wp\/v2\/pages"}],"about":[{"href":"https:\/\/elfi-analytik.de\/de\/wp-json\/wp\/v2\/types\/page"}],"author":[{"embeddable":true,"href":"https:\/\/elfi-analytik.de\/de\/wp-json\/wp\/v2\/users\/1"}],"replies":[{"embeddable":true,"href":"https:\/\/elfi-analytik.de\/de\/wp-json\/wp\/v2\/comments?post=240"}],"version-history":[{"count":42,"href":"https:\/\/elfi-analytik.de\/de\/wp-json\/wp\/v2\/pages\/240\/revisions"}],"predecessor-version":[{"id":378,"href":"https:\/\/elfi-analytik.de\/de\/wp-json\/wp\/v2\/pages\/240\/revisions\/378"}],"wp:attachment":[{"href":"https:\/\/elfi-analytik.de\/de\/wp-json\/wp\/v2\/media?parent=240"}],"curies":[{"name":"wp","href":"https:\/\/api.w.org\/{rel}","templated":true}]}}