{"id":326,"date":"2015-08-10T09:42:27","date_gmt":"2015-08-10T09:42:27","guid":{"rendered":"http:\/\/elfi-analytik.de\/de\/?page_id=326"},"modified":"2015-08-17T17:28:45","modified_gmt":"2015-08-17T17:28:45","slug":"sensorik","status":"publish","type":"page","link":"https:\/\/elfi-analytik.de\/de\/sensorik\/","title":{"rendered":"senstrainer pro"},"content":{"rendered":"<p style=\"text-align: left;\"><span style=\"font-size: 22px; font-family: arial,helvetica,sans-serif; font-weight: bold; font-style: italic; color: #266bbd;\">sens<\/span><span style=\"font-size: 22px; font-family: arial,helvetica,sans-serif; font-weight: bold; font-style: italic;\">trainer pro<\/span> <span style=\"font-size: 22px; font-family: arial,helvetica,sans-serif; font-weight: bold;\">\u00abEbergeruchsensorik\u00bb<\/span><\/p>\n<p style=\"text-align: justify;\"><span style=\"font-size: 16px; font-family: arial,helvetica,sans-serif;\">Mit einem speziell auf die Anforderungen der Ebergeruchsensorik abgestimmten Test- und Schulungskit bieten wir Ihnen erstmalig ein standardisiertes Verfahren zur Beurteilung Ihrer Pr\u00fcfpersonen an.<\/span><\/p>\n<p><img loading=\"lazy\" decoding=\"async\" style=\"float: left; margin-bottom: 20px;\" title=\"sens_1\" src=\"http:\/\/elfi-analytik.de\/de\/files\/2015\/08\/sens_1.jpg\" alt=\"\" width=\"206\" height=\"310\" \/><img loading=\"lazy\" decoding=\"async\" style=\"float: right; margin-bottom: 20px;\" title=\"sens_2\" src=\"http:\/\/elfi-analytik.de\/de\/files\/2015\/08\/sens_2.jpg\" alt=\"\" width=\"466\" height=\"310\" \/><\/p>\n<p style=\"text-align: justify;\"><span style=\"font-size: 16px; font-family: arial,helvetica,sans-serif;\"> Aufbauend auf Forschungsarbeiten der Universit\u00e4t G\u00f6ttingen ermitteln Sie mit einfachen Tests ob potentielle Pr\u00fcfpersonen Ebergeruch ausreichend wahrnehmen und inwiefern sie die Geruchsqualit\u00e4ten von Androstenon und Skatol als solche erkennen und unterschieden k\u00f6nnen. Nach initialer Schulung durch unseren Partner (isi GmbH, G\u00f6ttingen) liefern wir Ihrer Qualit\u00e4tssicherung individuell zusammengestellte Testsysteme zur regelm\u00e4\u00dfigen Schulung\/<wbr>\u00dcberwachung Ihres Pr\u00fcfpanels.<\/span><\/p>\n<p style=\"text-align: justify;\"><span style=\"font-size: 16px; font-family: arial,helvetica,sans-serif;\"> Nutzen Sie noch heute Ihre Chance zum Einstieg in die qualit\u00e4tsgesicherte Ebergeruchsensorik und fordern Sie unser Angebot an!<\/span><\/p>\n","protected":false},"excerpt":{"rendered":"<p>senstrainer pro \u00abEbergeruchsensorik\u00bb Mit einem speziell auf die Anforderungen der Ebergeruchsensorik abgestimmten Test- und Schulungskit bieten wir Ihnen erstmalig ein standardisiertes Verfahren zur Beurteilung Ihrer Pr\u00fcfpersonen an. Aufbauend auf Forschungsarbeiten der Universit\u00e4t G\u00f6ttingen ermitteln Sie mit einfachen Tests ob potentielle &hellip; <a href=\"https:\/\/elfi-analytik.de\/de\/sensorik\/\">Continue reading <span class=\"meta-nav\">&rarr;<\/span><\/a><\/p>\n","protected":false},"author":1,"featured_media":0,"parent":0,"menu_order":0,"comment_status":"closed","ping_status":"closed","template":"","meta":{"footnotes":""},"class_list":["post-326","page","type-page","status-publish","hentry"],"_links":{"self":[{"href":"https:\/\/elfi-analytik.de\/de\/wp-json\/wp\/v2\/pages\/326","targetHints":{"allow":["GET"]}}],"collection":[{"href":"https:\/\/elfi-analytik.de\/de\/wp-json\/wp\/v2\/pages"}],"about":[{"href":"https:\/\/elfi-analytik.de\/de\/wp-json\/wp\/v2\/types\/page"}],"author":[{"embeddable":true,"href":"https:\/\/elfi-analytik.de\/de\/wp-json\/wp\/v2\/users\/1"}],"replies":[{"embeddable":true,"href":"https:\/\/elfi-analytik.de\/de\/wp-json\/wp\/v2\/comments?post=326"}],"version-history":[{"count":34,"href":"https:\/\/elfi-analytik.de\/de\/wp-json\/wp\/v2\/pages\/326\/revisions"}],"predecessor-version":[{"id":373,"href":"https:\/\/elfi-analytik.de\/de\/wp-json\/wp\/v2\/pages\/326\/revisions\/373"}],"wp:attachment":[{"href":"https:\/\/elfi-analytik.de\/de\/wp-json\/wp\/v2\/media?parent=326"}],"curies":[{"name":"wp","href":"https:\/\/api.w.org\/{rel}","templated":true}]}}