{"id":6,"date":"2012-10-08T19:28:29","date_gmt":"2012-10-08T19:28:29","guid":{"rendered":"http:\/\/elfi-analytik.de\/de\/?page_id=6"},"modified":"2024-06-02T07:21:31","modified_gmt":"2024-06-02T07:21:31","slug":"home","status":"publish","type":"page","link":"https:\/\/elfi-analytik.de\/de\/","title":{"rendered":""},"content":{"rendered":"<p><span style=\"font-family: arial,helvetica,sans-serif; font-size: 16px;\">Ihr kompetenter Partner f\u00fcr<\/span><\/p>\n<ul>\n<li><span style=\"font-family: arial,helvetica,sans-serif; font-size: 16px;\">Ebergeruchsanalytik<\/span><\/li>\n<li><span style=\"font-family: arial,helvetica,sans-serif; font-size: 16px;\">Fetts\u00e4ureanalytik<\/span><\/li>\n<li><span style=\"font-family: arial,helvetica,sans-serif; font-size: 16px;\">Stabilisotopenverd\u00fcnnungsanalysen<\/span><\/li>\n<li><span style=\"font-family: arial,helvetica,sans-serif; font-size: 16px;\">Synthese individueller Referenzverbindungen<\/span><\/li>\n<li><span style=\"font-family: arial,helvetica,sans-serif; font-size: 16px;\">Synthese stabilisotopenmarkierter Standards<\/span><\/li>\n<li><span style=\"font-family: arial,helvetica,sans-serif; font-size: 16px;\">standardisierte Test-\/Schulungskits f\u00fcr die Ebergeruchsensorik<\/span><\/li>\n<li><span style=\"font-family: arial,helvetica,sans-serif;\"><strong>neu: <\/strong><a title=\"Anwenderschulungen\" href=\"https:\/\/elfi-analytik.de\/de\/schulungen\/\">Anwenderschulungen<\/a> zur Ebergeruchserkennung<\/span><\/li>\n<\/ul>\n<p><span style=\"font-family: arial,helvetica,sans-serif; font-size: 16px;\">Sprechen Sie uns an. Wir freuen uns auf Sie!<\/span><\/p>\n","protected":false},"excerpt":{"rendered":"<p>Ihr kompetenter Partner f\u00fcr Ebergeruchsanalytik Fetts\u00e4ureanalytik Stabilisotopenverd\u00fcnnungsanalysen Synthese individueller Referenzverbindungen Synthese stabilisotopenmarkierter Standards standardisierte Test-\/Schulungskits f\u00fcr die Ebergeruchsensorik neu: Anwenderschulungen zur Ebergeruchserkennung Sprechen Sie uns an. Wir freuen uns auf Sie!<\/p>\n","protected":false},"author":1,"featured_media":0,"parent":0,"menu_order":0,"comment_status":"open","ping_status":"open","template":"","meta":{"footnotes":""},"class_list":["post-6","page","type-page","status-publish","hentry"],"_links":{"self":[{"href":"https:\/\/elfi-analytik.de\/de\/wp-json\/wp\/v2\/pages\/6","targetHints":{"allow":["GET"]}}],"collection":[{"href":"https:\/\/elfi-analytik.de\/de\/wp-json\/wp\/v2\/pages"}],"about":[{"href":"https:\/\/elfi-analytik.de\/de\/wp-json\/wp\/v2\/types\/page"}],"author":[{"embeddable":true,"href":"https:\/\/elfi-analytik.de\/de\/wp-json\/wp\/v2\/users\/1"}],"replies":[{"embeddable":true,"href":"https:\/\/elfi-analytik.de\/de\/wp-json\/wp\/v2\/comments?post=6"}],"version-history":[{"count":22,"href":"https:\/\/elfi-analytik.de\/de\/wp-json\/wp\/v2\/pages\/6\/revisions"}],"predecessor-version":[{"id":410,"href":"https:\/\/elfi-analytik.de\/de\/wp-json\/wp\/v2\/pages\/6\/revisions\/410"}],"wp:attachment":[{"href":"https:\/\/elfi-analytik.de\/de\/wp-json\/wp\/v2\/media?parent=6"}],"curies":[{"name":"wp","href":"https:\/\/api.w.org\/{rel}","templated":true}]}}