{"id":97,"date":"2012-10-18T07:31:08","date_gmt":"2012-10-18T07:31:08","guid":{"rendered":"http:\/\/elfi-analytik.de\/de\/?page_id=97"},"modified":"2012-11-07T08:00:26","modified_gmt":"2012-11-07T08:00:26","slug":"fsanalytik","status":"publish","type":"page","link":"https:\/\/elfi-analytik.de\/de\/fsanalytik\/","title":{"rendered":"Fetts\u00e4ureanalytik"},"content":{"rendered":"<p style=\"text-align: justify;\"><span style=\"font-family: arial,helvetica,sans-serif; font-size: 22px;\"><strong>Fetts\u00e4ureanalytik<\/strong><\/span><\/p>\n<p style=\"text-align: justify;\"><span style=\"font-family: arial,helvetica,sans-serif;\">Erg\u00e4nzend zur Ebergeruchsanalytik bieten wir Ihnen eine umfassende Fetts\u00e4ureanalytik an, z.B. aus Nackenspeck- oder Biopsieproben.<\/span><\/p>\n<p style=\"text-align: justify;\"><span style=\"font-family: arial,helvetica,sans-serif;\">Standardm\u00e4\u00dfig bestimmen wir f\u00fcr Sie die ges\u00e4ttigten Fetts\u00e4uren C8-C24, sowie einfach und mehrfach unges\u00e4ttigte Fetts\u00e4uren von C14-C20. Auf Wunsch k\u00f6nnen weitere Einzelfetts\u00e4uren untersucht werden.<br \/>\n<\/span><\/p>\n","protected":false},"excerpt":{"rendered":"<p>Fetts\u00e4ureanalytik Erg\u00e4nzend zur Ebergeruchsanalytik bieten wir Ihnen eine umfassende Fetts\u00e4ureanalytik an, z.B. aus Nackenspeck- oder Biopsieproben. Standardm\u00e4\u00dfig bestimmen wir f\u00fcr Sie die ges\u00e4ttigten Fetts\u00e4uren C8-C24, sowie einfach und mehrfach unges\u00e4ttigte Fetts\u00e4uren von C14-C20. Auf Wunsch k\u00f6nnen weitere Einzelfetts\u00e4uren untersucht werden.<\/p>\n","protected":false},"author":1,"featured_media":0,"parent":0,"menu_order":0,"comment_status":"open","ping_status":"open","template":"","meta":{"footnotes":""},"class_list":["post-97","page","type-page","status-publish","hentry"],"_links":{"self":[{"href":"https:\/\/elfi-analytik.de\/de\/wp-json\/wp\/v2\/pages\/97","targetHints":{"allow":["GET"]}}],"collection":[{"href":"https:\/\/elfi-analytik.de\/de\/wp-json\/wp\/v2\/pages"}],"about":[{"href":"https:\/\/elfi-analytik.de\/de\/wp-json\/wp\/v2\/types\/page"}],"author":[{"embeddable":true,"href":"https:\/\/elfi-analytik.de\/de\/wp-json\/wp\/v2\/users\/1"}],"replies":[{"embeddable":true,"href":"https:\/\/elfi-analytik.de\/de\/wp-json\/wp\/v2\/comments?post=97"}],"version-history":[{"count":10,"href":"https:\/\/elfi-analytik.de\/de\/wp-json\/wp\/v2\/pages\/97\/revisions"}],"predecessor-version":[{"id":211,"href":"https:\/\/elfi-analytik.de\/de\/wp-json\/wp\/v2\/pages\/97\/revisions\/211"}],"wp:attachment":[{"href":"https:\/\/elfi-analytik.de\/de\/wp-json\/wp\/v2\/media?parent=97"}],"curies":[{"name":"wp","href":"https:\/\/api.w.org\/{rel}","templated":true}]}}